{"id":21,"date":"2010-01-24T14:59:55","date_gmt":"2010-01-24T13:59:55","guid":{"rendered":"http:\/\/www.mvrunkel.de\/wordpress\/?page_id=21"},"modified":"2017-03-07T20:59:06","modified_gmt":"2017-03-07T19:59:06","slug":"musikschule","status":"publish","type":"page","link":"http:\/\/www.mvrunkel.de\/wordpress\/musikschule\/","title":{"rendered":"Jugend"},"content":{"rendered":"<p><strong>Jugendausbildung<\/strong><br \/>\nDie Jugendausbildung beim Musikverein genie\u00dft einen sehr hohen Stellenwert. Getragen durch die Einsicht, dass die Kinder von heute Musiker und Funktionstr\u00e4ger von morgen sind, wird auf eine l\u00fcckenlose und qualifizierte Ausbildung Wert gelegt. Nur mit motivierten und leistungsf\u00e4higen NachwuchsmusikerInnen kann ein Verein auf Dauer \u00fcberleben und st\u00e4ndig auch den Leistungsstand verbessern.<\/p>\n<p>Die Ausbildung beim Musikverein Runkel beginnt im Kindergartenalter mit der <strong>Musikalischen Fr\u00fcherziehung<\/strong>. Speziell geschulte MusikerInnen aus den Reihen des Vereins f\u00fchren die Kinder spielerisch an die Musik heran. Singen, Tanzen und das Spiel auf dem Orff-Instrumentarium stehen im Mittelpunkt der w\u00f6chentlich stattfindenden Unterrichtseinheiten. Bei Vorspielen kommen auch die J\u00fcngsten zum Einsatz, um sich von klein auf an die Situation vor Publikum zu gew\u00f6hnen. Der gesellige Aspekt wird bei Feiern und Ausfl\u00fcgen gepflegt.<\/p>\n<p>Im Anschluss an die Musikalische Fr\u00fcherziehung erfolgt beim Musikverein die Musikalische Grundausbildung (MGA) \/ Rhythmik und der fortf\u00fchrende Unterricht auf der <strong>Blockfl\u00f6te<\/strong>. Gerade das Erlernen der Blockfl\u00f6te bietet gute Voraussetzungen f\u00fcr die sp\u00e4tere Ausbildung auf einem &#8222;richtigen&#8220; Blasinstrument. Auch die Blockfl\u00f6tengruppen nehmen regelm\u00e4\u00dfig an Vorspielen teil.<\/p>\n<p>Das <strong>Klassenmusizieren<\/strong> ist die n\u00e4chste Station im Ausbildungskonzept des Musikvereins Runkel. Bei dieser aus\u00a0den USA\u00a0stammenden Methode erlernen die 8-10-J\u00e4hrigen im Orchesterverband gemeinsam ihr Blasinstrument und von Anfang an das Musizieren mit anderen. Nach dem auf zwei Jahre angelegten Kurs, bei dem der Verein die Instrumente (wenn erforderlich in Kinderausf\u00fchrung) stellt, kann ein nahtloser \u00dcbergang ins Jugendorchester erfolgen.<\/p>\n<p>Der Einzel- bzw. Gruppenunterricht auf dem jeweiligen Instrument wird ausnahmslos von professionellen Instrumentallehrern, teilweise in Zusammenarbeit mit der Musikschule Kilian und der Kreismusikschule Limburg erteilt. Zur Zeit werden folgende Instrumente unterrichtet: Klarinette, Saxophon, Trompete, Fl\u00fcgelhorn, Querfl\u00f6te, Posaune, Tenorhorn, Waldhorn, Tuba und Schlagzeug.<\/p>\n<p>Der Musikverein Runkel bietet ein l\u00fcckenloses Ausbildungskonzept vom Kindergartenalter bis hin zum Eintritt ins Blasorchester, das selbstverst\u00e4ndlich auch f\u00fcr &#8222;Seiteneinsteiger&#8220; offen steht.<br \/>\nDurch langj\u00e4hrige Erfahrung und Zusammenarbeit mit proffessionellen Lehrkr\u00e4ften (Kreismusikschule Limburg \/ Musikschule Wetzlar \/ Musikschule Kilian) ist eine fundierte musikalische Ausbildung ihrer Kinder gew\u00e4hrleistet.<\/p>\n<p class=\"divider\">Bei Fragen zur Jugendausbildung im Musikverein Runkel stehen Ihnen als Ansprechpartner zur Verf\u00fcgung:<\/p>\n<address><strong>Stephanie V\u00f6lker\u00a0<\/strong><\/address>\n<address><em>&#8211; Jugendwartin \u2013<\/em><\/address>\n","protected":false},"excerpt":{"rendered":"<p>Jugendausbildung Die Jugendausbildung beim Musikverein genie\u00dft einen sehr hohen Stellenwert. Getragen durch die Einsicht, dass die Kinder von heute Musiker und Funktionstr\u00e4ger von morgen sind, wird auf eine l\u00fcckenlose und qualifizierte Ausbildung Wert gelegt. Nur mit motivierten und leistungsf\u00e4higen NachwuchsmusikerInnen kann ein Verein auf Dauer \u00fcberleben und st\u00e4ndig auch den Leistungsstand verbessern. Die Ausbildung beim [&hellip;]<\/p>\n","protected":false},"author":1,"featured_media":0,"parent":0,"menu_order":3,"comment_status":"closed","ping_status":"closed","template":"","meta":{"ngg_post_thumbnail":0,"_mc_calendar":[],"footnotes":""},"_links":{"self":[{"href":"http:\/\/www.mvrunkel.de\/wordpress\/wp-json\/wp\/v2\/pages\/21"}],"collection":[{"href":"http:\/\/www.mvrunkel.de\/wordpress\/wp-json\/wp\/v2\/pages"}],"about":[{"href":"http:\/\/www.mvrunkel.de\/wordpress\/wp-json\/wp\/v2\/types\/page"}],"author":[{"embeddable":true,"href":"http:\/\/www.mvrunkel.de\/wordpress\/wp-json\/wp\/v2\/users\/1"}],"replies":[{"embeddable":true,"href":"http:\/\/www.mvrunkel.de\/wordpress\/wp-json\/wp\/v2\/comments?post=21"}],"version-history":[{"count":33,"href":"http:\/\/www.mvrunkel.de\/wordpress\/wp-json\/wp\/v2\/pages\/21\/revisions"}],"predecessor-version":[{"id":1603,"href":"http:\/\/www.mvrunkel.de\/wordpress\/wp-json\/wp\/v2\/pages\/21\/revisions\/1603"}],"wp:attachment":[{"href":"http:\/\/www.mvrunkel.de\/wordpress\/wp-json\/wp\/v2\/media?parent=21"}],"curies":[{"name":"wp","href":"https:\/\/api.w.org\/{rel}","templated":true}]}}